{"id":752,"date":"2023-12-19T11:54:02","date_gmt":"2023-12-19T10:54:02","guid":{"rendered":"https:\/\/www.atxuriondo.com\/irisgarritasuna\/"},"modified":"2024-04-10T16:30:20","modified_gmt":"2024-04-10T14:30:20","slug":"irisgarritasuna","status":"publish","type":"page","link":"https:\/\/www.atxuriondo.com\/eu\/irisgarritasuna\/","title":{"rendered":"Irisgarritasuna"},"content":{"rendered":"\t\t<div data-elementor-type=\"wp-page\" data-elementor-id=\"752\" class=\"elementor elementor-752 elementor-425\" data-elementor-post-type=\"page\">\n\t\t\t\t<div class=\"elementor-element elementor-element-1511955 e-flex e-con-boxed e-con e-parent\" data-id=\"1511955\" data-element_type=\"container\">\n\t\t\t\t\t<div class=\"e-con-inner\">\n\t\t\t\t<div class=\"elementor-element elementor-element-568f435 elementor-widget elementor-widget-text-editor\" data-id=\"568f435\" data-element_type=\"widget\" data-widget_type=\"text-editor.default\">\n\t\t\t\t<div class=\"elementor-widget-container\">\n\t\t\t<style>\/*! elementor - v3.21.0 - 26-05-2024 *\/\n.elementor-widget-text-editor.elementor-drop-cap-view-stacked .elementor-drop-cap{background-color:#69727d;color:#fff}.elementor-widget-text-editor.elementor-drop-cap-view-framed .elementor-drop-cap{color:#69727d;border:3px solid;background-color:transparent}.elementor-widget-text-editor:not(.elementor-drop-cap-view-default) .elementor-drop-cap{margin-top:8px}.elementor-widget-text-editor:not(.elementor-drop-cap-view-default) .elementor-drop-cap-letter{width:1em;height:1em}.elementor-widget-text-editor .elementor-drop-cap{float:left;text-align:center;line-height:1;font-size:50px}.elementor-widget-text-editor .elementor-drop-cap-letter{display:inline-block}<\/style>\t\t\t\t<div data-id=\"e56170c\" data-element_type=\"widget\" data-widget_type=\"text-editor.default\">\n<h2>IRISGARRITASUNA<\/h2>\n<h3>DECLARACI\u00d3N DE ACCESIBILIDAD<\/h3>\n<p>EMBALAJES ATXURIONDO S.L.U. se ha comprometido a hacer accesible su sitio web, de conformidad con el <a href=\"https:\/\/www.boe.es\/buscar\/act.php?id=BOE-A-2018-12699\" target=\"_blank\" rel=\"noopener\">Real Decreto 1112\/2018, de 7 de septiembre, sobre accesibilidad de los sitios web y aplicaciones para dispositivos m\u00f3viles del sector p\u00fablico<\/a>.<\/p>\n<p>La presente declaraci\u00f3n de accesibilidad se aplica al sitio web https:\/\/www.atxuriondo.com<\/p>\n<h3>SITUACI\u00d3N DE CUMPLIMIENTO<\/h3>\n<p>Este sitio web es plenamente conforme con el&nbsp;<a href=\"https:\/\/www.boe.es\/buscar\/act.php?id=BOE-A-2018-12699\" target=\"_blank\" rel=\"noopener\">Real Decreto 1112\/2018, de 7 de septiembre, sobre accesibilidad de los sitios web y aplicaciones para dispositivos m\u00f3viles del sector p\u00fablico<\/a>.<\/p>\n<h3>PROCEDIMIENTO DE APLICACI\u00d3N<\/h3>\n<p>El procedimiento de reclamaci\u00f3n recogido en el&nbsp;<a href=\"https:\/\/www.boe.es\/diario_boe\/txt.php?id=BOE-A-2018-12699\" target=\"_blank\" rel=\"noopener\">art\u00edculo 13 del Real Decreto 1112\/2018<\/a>.<\/p>\n<h3>PREPARACI\u00d3N DE LA PRESENTE DECLARACI\u00d3N DE ACCESIBILIDAD<\/h3>\n<p>La presente declaraci\u00f3n fue preparada el 02 de mayo de 2018.<\/p>\n<p>El m\u00e9todo empleado para preparar la declaraci\u00f3n ha sido una autoevaluaci\u00f3n llevada a cabo por el propio organismo.<\/p>\n<p>\u00daltima revisi\u00f3n de la declaraci\u00f3n: 02 de mayo de 2018<\/p>\n<\/div>\t\t\t\t\t\t<\/div>\n\t\t\t\t<\/div>\n\t\t\t\t\t<\/div>\n\t\t\t\t<\/div>\n\t\t\t\t<\/div>\n\t\t","protected":false},"excerpt":{"rendered":"<p>IRISGARRITASUNA DECLARACI\u00d3N DE ACCESIBILIDAD EMBALAJES ATXURIONDO S.L.U. se ha comprometido a hacer accesible su sitio web, de conformidad con el Real Decreto 1112\/2018, de 7 de septiembre, sobre accesibilidad de los sitios web y aplicaciones para dispositivos m\u00f3viles del sector p\u00fablico. La presente declaraci\u00f3n de accesibilidad se aplica al sitio web https:\/\/www.atxuriondo.com SITUACI\u00d3N DE CUMPLIMIENTO [&hellip;]<\/p>\n","protected":false},"author":1,"featured_media":0,"parent":0,"menu_order":0,"comment_status":"closed","ping_status":"closed","template":"","meta":{"footnotes":""},"class_list":["post-752","page","type-page","status-publish","hentry"],"_links":{"self":[{"href":"https:\/\/www.atxuriondo.com\/eu\/wp-json\/wp\/v2\/pages\/752","targetHints":{"allow":["GET"]}}],"collection":[{"href":"https:\/\/www.atxuriondo.com\/eu\/wp-json\/wp\/v2\/pages"}],"about":[{"href":"https:\/\/www.atxuriondo.com\/eu\/wp-json\/wp\/v2\/types\/page"}],"author":[{"embeddable":true,"href":"https:\/\/www.atxuriondo.com\/eu\/wp-json\/wp\/v2\/users\/1"}],"replies":[{"embeddable":true,"href":"https:\/\/www.atxuriondo.com\/eu\/wp-json\/wp\/v2\/comments?post=752"}],"version-history":[{"count":3,"href":"https:\/\/www.atxuriondo.com\/eu\/wp-json\/wp\/v2\/pages\/752\/revisions"}],"predecessor-version":[{"id":755,"href":"https:\/\/www.atxuriondo.com\/eu\/wp-json\/wp\/v2\/pages\/752\/revisions\/755"}],"wp:attachment":[{"href":"https:\/\/www.atxuriondo.com\/eu\/wp-json\/wp\/v2\/media?parent=752"}],"curies":[{"name":"wp","href":"https:\/\/api.w.org\/{rel}","templated":true}]}}